{"id":2,"date":"2013-09-19T08:48:09","date_gmt":"2013-09-19T08:48:09","guid":{"rendered":"http:\/\/pedagogiskapostits.se\/?page_id=2"},"modified":"2020-11-19T15:02:07","modified_gmt":"2020-11-19T15:02:07","slug":"exempelsida","status":"publish","type":"page","link":"https:\/\/pedagogiskapostits.se\/?page_id=2","title":{"rendered":"Om&#8230;"},"content":{"rendered":"<figure id=\"attachment_568\" aria-describedby=\"caption-attachment-568\" style=\"width: 235px\" class=\"wp-caption alignleft\"><a href=\"http:\/\/pedagogiskapostits.se\/wp-content\/uploads\/2020\/11\/jag.jpg\"><img loading=\"lazy\" class=\"wp-image-568\" src=\"http:\/\/pedagogiskapostits.se\/wp-content\/uploads\/2020\/11\/jag-e1605797834800-268x300.jpg\" alt=\"\" width=\"245\" height=\"274\" srcset=\"https:\/\/pedagogiskapostits.se\/wp-content\/uploads\/2020\/11\/jag-e1605797834800-268x300.jpg 268w, https:\/\/pedagogiskapostits.se\/wp-content\/uploads\/2020\/11\/jag-e1605797834800.jpg 280w\" sizes=\"(max-width: 245px) 100vw, 245px\" \/><\/a><figcaption id=\"caption-attachment-568\" class=\"wp-caption-text\"><span style=\"font-size: 14pt;\">Veronie Lejonord<\/span><\/figcaption><\/figure>\n<p><span style=\"font-size: 14pt;\">Veronie Lejonord, f\u00f6rstel\u00e4rare, sl\u00f6jdl\u00e4rare och IKT-ansvarig<\/span><\/p>\n<p>Jag arbetar p\u00e5 Stocks\u00e4tterskolan i Hallsberg och har gjort s\u00e5 sedan 2004. Innan dess arbetade jag lite varstans i Hallsbergs kommun dock inom skola och barnomsorg. Jag b\u00f6rjade min bana som skolv\u00e4rdinna 1981 och har varit gebitet troget sedan dess, med avbrott av studier, barnledighet mm.<\/p>\n<p>Jag har f\u00f6rm\u00e5nen att arbeta p\u00e5 en m\u00e5ngkulturell skola, d\u00e4r m\u00f6ten av olika slag sker varje dag. H\u00e4r vilar en h\u00e4rlig st\u00e4mning och andan \u00e4r god, b\u00e5de bland elever och personal. Det finns alltid en vilja att utveckla, driva vidare och g\u00f6ra det allra b\u00e4sta med de f\u00f6ruts\u00e4ttningar som finns och ibland lite till.<\/p>\n<p>Sedan 2007 har jag varit IKT-ansvarig p\u00e5 min skola och har f\u00f6rm\u00e5nen att f\u00e5 leda min skola i digitaliseringsarbetet och f\u00e5 vara en kugge i den utveckling v\u00e5r skola st\u00e4ndigt befinner sig i. 2014 fick jag en f\u00f6rstel\u00e4rartj\u00e4nst med inriktning just mot IKT.<\/p>\n<p>2015 tog jag klivet fr\u00e5n klassrummet in i sl\u00f6jdsalen och kombinationen av IKT och sl\u00f6jd \u00e4r helt oslagbar.<\/p>\n<p>\u00c4r stolt \u00f6ver de utm\u00e4rkelser som jag tilldelats:<\/p>\n<ul>\n<li>Vinnare av \u00e5rets klassblogg i Webbstj\u00e4rnan 2014<\/li>\n<li>Vinnare av \u00e5rets klassblogg i Webbstj\u00e4rnan 2015<\/li>\n<li>\u00c5rets l\u00e4rarpris, Webbstj\u00e4rnan 2016<\/li>\n<li><img loading=\"lazy\" class=\"wp-image-565 alignnone\" src=\"http:\/\/pedagogiskapostits.se\/wp-content\/uploads\/2020\/11\/1CED8B44-23E9-490E-B1B2-50CDA43B4331_1_105_c-e1605796548125-300x226.jpeg\" alt=\"\" width=\"287\" height=\"216\" srcset=\"https:\/\/pedagogiskapostits.se\/wp-content\/uploads\/2020\/11\/1CED8B44-23E9-490E-B1B2-50CDA43B4331_1_105_c-e1605796548125-300x226.jpeg 300w, https:\/\/pedagogiskapostits.se\/wp-content\/uploads\/2020\/11\/1CED8B44-23E9-490E-B1B2-50CDA43B4331_1_105_c-e1605796548125.jpeg 602w\" sizes=\"(max-width: 287px) 100vw, 287px\" \/><\/li>\n<li>Brons \u00e5rets klassblogg i Webbstj\u00e4rnan 2018<\/li>\n<li>Fyra hederv\u00e4rda nomineringar till Guld\u00e4pplet 2015 &#8211; 18<\/li>\n<li>Samt den finaste av alla:<\/li>\n<li><a href=\"http:\/\/pedagogiskapostits.se\/wp-content\/uploads\/2020\/11\/2016-02-19-13.50.49-scaled.jpg\"><img loading=\"lazy\" class=\"alignnone size-medium wp-image-566\" src=\"http:\/\/pedagogiskapostits.se\/wp-content\/uploads\/2020\/11\/2016-02-19-13.50.49-300x224.jpg\" alt=\"\" width=\"300\" height=\"224\" srcset=\"https:\/\/pedagogiskapostits.se\/wp-content\/uploads\/2020\/11\/2016-02-19-13.50.49-300x224.jpg 300w, https:\/\/pedagogiskapostits.se\/wp-content\/uploads\/2020\/11\/2016-02-19-13.50.49-1024x765.jpg 1024w, https:\/\/pedagogiskapostits.se\/wp-content\/uploads\/2020\/11\/2016-02-19-13.50.49-768x574.jpg 768w, https:\/\/pedagogiskapostits.se\/wp-content\/uploads\/2020\/11\/2016-02-19-13.50.49-1536x1147.jpg 1536w, https:\/\/pedagogiskapostits.se\/wp-content\/uploads\/2020\/11\/2016-02-19-13.50.49-2048x1530.jpg 2048w\" sizes=\"(max-width: 300px) 100vw, 300px\" \/><\/a><\/li>\n<\/ul>\n<p>&nbsp;<\/p>\n<p>Om den h\u00e4r sidan kan jag ber\u00e4tta att den \u00e4r till f\u00f6r att rensa, sortera, reflektera, belysa och\/men framf\u00f6rallt dela med mig av allt det d\u00e4r som jag f\u00e5r till mig och g\u00e5r och b\u00e4r p\u00e5. Jag har v\u00e4rldens b\u00e4sta jobb! Med eleverna, i klassrummet eller ute eller p\u00e5 v\u00e4g mot l\u00e4rande, i alla fall. F\u00f6r det \u00e4r vad vi \u00e4r, p\u00e5 v\u00e4g. P\u00e5 v\u00e4g mot nya h\u00e5llplatser och mot nya m\u00e5l. V\u00e4gen \u00e4r krokig, backig och ibland v\u00e4ldigt l\u00e5ng men d\u00e5 passar vi p\u00e5 att l\u00e4ra oss nya saker p\u00e5 v\u00e4gen, s\u00e5 att s\u00e4ga. Eftersom min sl\u00f6jdblogg fr\u00e4mst \u00e4r ett verktyg f\u00f6r eleverna och f\u00f6r m\u00f6jligheten att \u00f6ppna upp till v\u00e5r sl\u00f6jdsal f\u00f6r alla som vill in och se vad vi g\u00f6r, beh\u00f6vde jag en egen kanal d\u00e4r mina ord f\u00e5r plats. Tanken \u00e4r att denna sida ska vara en k\u00e4lla till inspiration, ber\u00f6ra, p\u00e5verka med ett och annat tips att ta med p\u00e5 v\u00e4gen.<\/p>\n<p style=\"color: #352a37;\"><strong>Upphovsr\u00e4tt<\/strong><\/p>\n<p style=\"color: #352a37;\">De bilder som anv\u00e4nds p\u00e5 denna\u00a0sida \u00e4r, i f\u00f6rsta hand, mina egna fotografier och filmer. Jag\u00a0har tillst\u00e5nd fr\u00e5n v\u00e5rdnadshavare att publicera bilder och filmer\u00a0p\u00e5 deras barn.\u00a0Av mina\u00a0egna \u00a0bilder och filmer p\u00e5 barnen och deras arbeten f\u00e5r inget kopieras och anv\u00e4ndas utan mitt\u00a0tillst\u00e5nd, se:<\/p>\n<p style=\"color: #352a37;\">\u00a0<a style=\"color: #2b1d33;\" href=\"http:\/\/creativecommons.org\/licenses\/by-nc-nd\/2.5\/se\/\" rel=\"license\">Creative Commons Erk\u00e4nnande-Ickekommersiell-IngaBearbetningar 2.5 Sverige Licens<\/a>.\u00a0<a style=\"color: #2b1d33;\" href=\"http:\/\/creativecommons.org\/licenses\/by-nc-nd\/2.5\/se\/\" rel=\"license\"><img src=\"http:\/\/i.creativecommons.org\/l\/by-nc-nd\/2.5\/se\/88x31.png\" alt=\"Creative Commons-licens\" \/><\/a><\/p>\n<p style=\"color: #352a37;\">\u00d6vriga bilder som anv\u00e4nds\u00a0\u00e4r bilder d\u00e4r upphovsmannen har gett sitt tillst\u00e5nd eller de bilder,\u00a0d\u00e4r det tydligt framkommer att de \u00e4r fria att anv\u00e4ndas. Tanken \u00e4r att i st\u00f6rsta m\u00f6jliga m\u00e5n anv\u00e4nda oss av\u00a0Creative Commons licensierat material.p\u00e5 n\u00e4tet.<\/p>\n<p style=\"color: #352a37;\">Musiken som anv\u00e4nds till bildspelen \u00e4r h\u00e4mtade fr\u00e5n\u00a0<a style=\"color: #2b1d33;\" href=\"http:\/\/www.jamendo.com\/\">www.jamendo.com\u00a0<\/a>och<a style=\"color: #2b1d33;\" href=\"http:\/\/www.multimedia.skolverket.se\/\" target=\"_blank\" rel=\"noopener noreferrer\">Multimediabyr\u00e5n<\/a>.<\/p>\n<p style=\"color: #352a37;\">Till vissa av dokumenten anv\u00e4nder jag\u00a0Notebook som grund och d\u00e4rifr\u00e5n finns det ocks\u00e5 bilder som ing\u00e5r i licensen f\u00f6r programmet. I andra dokument \u00e5terfinns bilder fr\u00e5n<a style=\"color: #2b1d33;\" href=\"http:\/\/www.phillipmartin.info\/clipart\/homepage.htm\" target=\"_blank\" rel=\"noopener noreferrer\">\u00a0Phillip Martin<\/a>\u00a0med anv\u00e4ndarr\u00e4ttigheter enligt\u00a0<a style=\"color: #2b1d33;\" href=\"http:\/\/www.phillipmartin.info\/clipart\/terms.htm\" target=\"_blank\" rel=\"noopener noreferrer\">http:\/\/www.phillipmartin.info\/clipart\/terms.htm<\/a>.<\/p>\n<p style=\"color: #352a37;\">\n<div class=\"sharedaddy sd-sharing-enabled\"><div class=\"robots-nocontent sd-block sd-social sd-social-icon sd-sharing\"><h3 class=\"sd-title\">Dela det h\u00e4r:<\/h3><div class=\"sd-content\"><ul><li class=\"share-facebook\"><a rel=\"nofollow noopener noreferrer\" data-shared=\"sharing-facebook-2\" class=\"share-facebook sd-button share-icon no-text\" href=\"https:\/\/pedagogiskapostits.se\/?page_id=2&amp;share=facebook\" target=\"_blank\" title=\"Klicka f\u00f6r att dela p\u00e5 Facebook\"><span><\/span><span class=\"sharing-screen-reader-text\">Klicka f\u00f6r att dela p\u00e5 Facebook (\u00d6ppnas i ett nytt f\u00f6nster)<\/span><\/a><\/li><li class=\"share-twitter\"><a rel=\"nofollow noopener noreferrer\" data-shared=\"sharing-twitter-2\" class=\"share-twitter sd-button share-icon no-text\" href=\"https:\/\/pedagogiskapostits.se\/?page_id=2&amp;share=twitter\" target=\"_blank\" title=\"Klicka f\u00f6r att dela p\u00e5 Twitter\"><span><\/span><span class=\"sharing-screen-reader-text\">Klicka f\u00f6r att dela p\u00e5 Twitter (\u00d6ppnas i ett nytt f\u00f6nster)<\/span><\/a><\/li><li class=\"share-pinterest\"><a rel=\"nofollow noopener noreferrer\" data-shared=\"sharing-pinterest-2\" class=\"share-pinterest sd-button share-icon no-text\" href=\"https:\/\/pedagogiskapostits.se\/?page_id=2&amp;share=pinterest\" target=\"_blank\" title=\"Klicka f\u00f6r att dela till Pinterest\"><span><\/span><span class=\"sharing-screen-reader-text\">Klicka f\u00f6r att dela till Pinterest (\u00d6ppnas i ett nytt f\u00f6nster)<\/span><\/a><\/li><li class=\"share-email\"><a rel=\"nofollow noopener noreferrer\" data-shared=\"\" class=\"share-email sd-button share-icon no-text\" href=\"https:\/\/pedagogiskapostits.se\/?page_id=2&amp;share=email\" target=\"_blank\" title=\"Klicka f\u00f6r att e-posta detta till en v\u00e4n\"><span><\/span><span class=\"sharing-screen-reader-text\">Klicka f\u00f6r att e-posta detta till en v\u00e4n (\u00d6ppnas i ett nytt f\u00f6nster)<\/span><\/a><\/li><li class=\"share-end\"><\/li><\/ul><\/div><\/div><\/div>","protected":false},"excerpt":{"rendered":"<p>Veronie Lejonord, f\u00f6rstel\u00e4rare, sl\u00f6jdl\u00e4rare och IKT-ansvarig Jag arbetar p\u00e5 Stocks\u00e4tterskolan i Hallsberg och har gjort s\u00e5 sedan 2004. Innan dess arbetade jag lite varstans i Hallsbergs kommun dock inom skola och barnomsorg. Jag b\u00f6rjade min bana som skolv\u00e4rdinna 1981 och har varit gebitet troget sedan dess, med avbrott av studier, barnledighet mm. Jag har f\u00f6rm\u00e5nen &#8230; <a title=\"Om&#8230;\" class=\"read-more\" href=\"https:\/\/pedagogiskapostits.se\/?page_id=2\" aria-label=\"Mer p\u00e5 Om&#8230;\">L\u00e4s mer<\/a><\/p>\n<div class=\"sharedaddy sd-sharing-enabled\"><div class=\"robots-nocontent sd-block sd-social sd-social-icon sd-sharing\"><h3 class=\"sd-title\">Dela det h\u00e4r:<\/h3><div class=\"sd-content\"><ul><li class=\"share-facebook\"><a rel=\"nofollow noopener noreferrer\" data-shared=\"sharing-facebook-2\" class=\"share-facebook sd-button share-icon no-text\" href=\"https:\/\/pedagogiskapostits.se\/?page_id=2&amp;share=facebook\" target=\"_blank\" title=\"Klicka f\u00f6r att dela p\u00e5 Facebook\"><span><\/span><span class=\"sharing-screen-reader-text\">Klicka f\u00f6r att dela p\u00e5 Facebook (\u00d6ppnas i ett nytt f\u00f6nster)<\/span><\/a><\/li><li class=\"share-twitter\"><a rel=\"nofollow noopener noreferrer\" data-shared=\"sharing-twitter-2\" class=\"share-twitter sd-button share-icon no-text\" href=\"https:\/\/pedagogiskapostits.se\/?page_id=2&amp;share=twitter\" target=\"_blank\" title=\"Klicka f\u00f6r att dela p\u00e5 Twitter\"><span><\/span><span class=\"sharing-screen-reader-text\">Klicka f\u00f6r att dela p\u00e5 Twitter (\u00d6ppnas i ett nytt f\u00f6nster)<\/span><\/a><\/li><li class=\"share-pinterest\"><a rel=\"nofollow noopener noreferrer\" data-shared=\"sharing-pinterest-2\" class=\"share-pinterest sd-button share-icon no-text\" href=\"https:\/\/pedagogiskapostits.se\/?page_id=2&amp;share=pinterest\" target=\"_blank\" title=\"Klicka f\u00f6r att dela till Pinterest\"><span><\/span><span class=\"sharing-screen-reader-text\">Klicka f\u00f6r att dela till Pinterest (\u00d6ppnas i ett nytt f\u00f6nster)<\/span><\/a><\/li><li class=\"share-email\"><a rel=\"nofollow noopener noreferrer\" data-shared=\"\" class=\"share-email sd-button share-icon no-text\" href=\"https:\/\/pedagogiskapostits.se\/?page_id=2&amp;share=email\" target=\"_blank\" title=\"Klicka f\u00f6r att e-posta detta till en v\u00e4n\"><span><\/span><span class=\"sharing-screen-reader-text\">Klicka f\u00f6r att e-posta detta till en v\u00e4n (\u00d6ppnas i ett nytt f\u00f6nster)<\/span><\/a><\/li><li class=\"share-end\"><\/li><\/ul><\/div><\/div><\/div>","protected":false},"author":1,"featured_media":0,"parent":0,"menu_order":0,"comment_status":"open","ping_status":"open","template":"","meta":{"spay_email":""},"jetpack_sharing_enabled":true,"_links":{"self":[{"href":"https:\/\/pedagogiskapostits.se\/index.php?rest_route=\/wp\/v2\/pages\/2"}],"collection":[{"href":"https:\/\/pedagogiskapostits.se\/index.php?rest_route=\/wp\/v2\/pages"}],"about":[{"href":"https:\/\/pedagogiskapostits.se\/index.php?rest_route=\/wp\/v2\/types\/page"}],"author":[{"embeddable":true,"href":"https:\/\/pedagogiskapostits.se\/index.php?rest_route=\/wp\/v2\/users\/1"}],"replies":[{"embeddable":true,"href":"https:\/\/pedagogiskapostits.se\/index.php?rest_route=%2Fwp%2Fv2%2Fcomments&post=2"}],"version-history":[{"count":12,"href":"https:\/\/pedagogiskapostits.se\/index.php?rest_route=\/wp\/v2\/pages\/2\/revisions"}],"predecessor-version":[{"id":572,"href":"https:\/\/pedagogiskapostits.se\/index.php?rest_route=\/wp\/v2\/pages\/2\/revisions\/572"}],"wp:attachment":[{"href":"https:\/\/pedagogiskapostits.se\/index.php?rest_route=%2Fwp%2Fv2%2Fmedia&parent=2"}],"curies":[{"name":"wp","href":"https:\/\/api.w.org\/{rel}","templated":true}]}}